{"id":602,"date":"2022-03-29T09:11:31","date_gmt":"2022-03-29T09:11:31","guid":{"rendered":"https:\/\/startersites.io\/blocksy\/cleaning-service\/?page_id=9"},"modified":"2026-04-30T16:57:24","modified_gmt":"2026-04-30T19:57:24","slug":"services","status":"publish","type":"page","link":"https:\/\/www.equipeaejj.com.br\/?page_id=602","title":{"rendered":"Unidades"},"content":{"rendered":"\n<div class=\"wp-block-stackable-columns alignfull stk-block-columns stk-block stk-460b17c stk-block-background stk--has-background-overlay\" data-block-id=\"460b17c\"><style>.stk-460b17c {background-color:#000000 !important;background-image:url(https:\/\/www.equipeaejj.com.br\/wp-content\/uploads\/2022\/03\/services-page-section-background.webp) !important;padding-top:300px !important;padding-bottom:150px !important;margin-bottom:0px !important;}.stk-460b17c:before{background-color:#000000 !important;opacity:0.7 !important;}@media screen and (max-width:999px){.stk-460b17c {padding-top:250px !important;padding-bottom:100px !important;}}<\/style><div class=\"stk-row stk-inner-blocks stk-block-content stk-content-align stk-460b17c-column\">\n<div class=\"wp-block-stackable-column stk-block-column stk-column stk-block stk-d35fecf\" data-v=\"4\" data-block-id=\"d35fecf\"><style>.stk-d35fecf-container{margin-top:0px !important;margin-right:0px !important;margin-bottom:0px !important;margin-left:0px !important;}.stk-d35fecf {max-width:900px !important;min-width:auto !important;margin-right:auto !important;margin-left:auto !important;}<\/style><div class=\"stk-column-wrapper stk-block-column__content stk-container stk-d35fecf-container stk--no-background stk--no-padding\"><div class=\"stk-block-content stk-inner-blocks stk-d35fecf-inner-blocks\">\n<div class=\"wp-block-stackable-heading stk-block-heading stk-block-heading--v2 stk-block stk-8b0ceb4\" id=\"unidades\" data-block-id=\"8b0ceb4\"><style>.stk-8b0ceb4 .stk-block-heading__text{font-size:70px !important;color:var(--theme-palette-color-8, #ffffff) !important;}@media screen and (max-width:999px){.stk-8b0ceb4 .stk-block-heading__text{font-size:40px !important;}}@media screen and (max-width:689px){.stk-8b0ceb4 .stk-block-heading__text{font-size:35px !important;}}<\/style><h2 class=\"stk-block-heading__text has-text-color has-palette-color-8-color has-text-align-center\">Unidades<\/h2><\/div>\n<\/div><\/div><\/div>\n<\/div><\/div>\n\n\n\n<div class=\"wp-block-stackable-spacer stk-block-spacer stk--no-padding stk-block stk-50927f2\" id=\"house-cleaning\" data-block-id=\"50927f2\"><style>.stk-50927f2 {height:100px !important;}@media screen and (max-width:999px){.stk-50927f2 {height:70px !important;}}<\/style><\/div>\n\n\n\n<div class=\"wp-block-stackable-text stk-block-text stk-block stk-ffd33bd\" id=\"house-cleaning\" data-block-id=\"ffd33bd\"><style>.stk-ffd33bd {margin-bottom:15px !important;}.stk-ffd33bd .stk-block-text__text{font-weight:700 !important;}@media screen and (max-width:999px){.stk-ffd33bd {margin-bottom:10px !important;}}<\/style><p class=\"stk-block-text__text has-text-align-center\"><\/p><\/div>\n\n\n\n<div class=\"wp-block-stackable-heading stk-block-heading stk-block-heading--v2 stk-block stk-047bd33\" id=\"house-cleaning\" data-block-id=\"047bd33\"><style>.stk-047bd33 {margin-bottom:40px !important;}@media screen and (max-width:999px){.stk-047bd33 .stk-block-heading__text{font-size:30px !important;}}@media screen and (max-width:689px){.stk-047bd33 .stk-block-heading__text{font-size:25px !important;}}<\/style><h2 class=\"stk-block-heading__text has-text-align-center\">Veja qual melhor lugar para voc\u00ea frequentar<\/h2><\/div>\n\n\n\n<div class=\"wp-block-stackable-columns stk-block-columns stk-block stk-5f4b0da\" id=\"house-cleaning\" data-block-id=\"5f4b0da\"><style>.stk-5f4b0da {margin-bottom:30px !important;}<\/style><div class=\"stk-row stk-inner-blocks stk-block-content stk-content-align stk-5f4b0da-column\">\n<div class=\"wp-block-stackable-column stk-block-column stk-column stk-block stk-175b4b8\" data-v=\"4\" data-block-id=\"175b4b8\"><style>.stk-175b4b8-container{margin-top:0px !important;margin-right:0px !important;margin-bottom:0px !important;margin-left:0px !important;box-shadow:none !important;border-style:solid !important;border-color:var(--theme-palette-color-5, #edeff2) !important;padding-top:70px !important;padding-right:70px !important;padding-bottom:70px !important;padding-left:70px !important;}.stk-175b4b8-container:hover{background-color:var(--theme-palette-color-1, #ffcd05) !important;box-shadow:0px 20px 80px 0px #ffcd0566 !important;border-color:var(--theme-palette-color-1, #ffcd05) !important;}.stk-175b4b8-container:hover:before{background-color:var(--theme-palette-color-1, #ffcd05) !important;}.stk-175b4b8:hover{top:-10px !important;}.stk-175b4b8 {top:0 !important;}@media screen and (max-width:999px){.stk-175b4b8-container{padding-top:50px !important;padding-right:30px !important;padding-bottom:50px !important;padding-left:30px !important;}}<\/style><div class=\"stk-column-wrapper stk-block-column__content stk-container stk-175b4b8-container stk-hover-parent\"><div class=\"stk-block-content stk-inner-blocks stk-175b4b8-inner-blocks\">\n<div class=\"wp-block-stackable-heading stk-block-heading stk-block-heading--v2 stk-block stk-4b7d010\" id=\"novo-mundo\" data-block-id=\"4b7d010\"><style>.stk-4b7d010 {margin-bottom:20px !important;}<\/style><h5 class=\"stk-block-heading__text has-text-align-center\">Novo Mundo <\/h5><\/div>\n\n\n\n<div class=\"wp-block-stackable-text stk-block-text stk-block stk-987d463\" data-block-id=\"987d463\"><style>.stk-987d463 {margin-bottom:45px !important;}<\/style><p class=\"stk-block-text__text has-text-align-center\">Av. Cel Andrelino Morais 119 Vila Maria Luiza Goi\u00e2nia GO, 74720-200<\/p><\/div>\n\n\n\n<p class=\"has-text-align-center\">Segunda feira: 19:40 as 21:30<br>Quarta-Feira 19:40 as 21:30 <br>S\u00e1bado: 10:00 as 12:00<\/p>\n\n\n\n<p><\/p>\n<\/div><\/div><\/div>\n\n\n\n<div class=\"wp-block-stackable-column stk-block-column stk-column stk-block stk-2eba6da\" data-v=\"4\" data-block-id=\"2eba6da\"><style>.stk-2eba6da-container{margin-top:0px !important;margin-right:0px !important;margin-bottom:0px !important;margin-left:0px !important;box-shadow:none !important;border-style:solid !important;border-color:var(--theme-palette-color-5, #edeff2) !important;padding-top:70px !important;padding-right:70px !important;padding-bottom:70px !important;padding-left:70px !important;}.stk-2eba6da-container:hover{background-color:var(--theme-palette-color-1, #ffcd05) !important;box-shadow:0px 20px 80px 0px #ffcd0566 !important;border-color:var(--theme-palette-color-1, #ffcd05) !important;}.stk-2eba6da-container:hover:before{background-color:var(--theme-palette-color-1, #ffcd05) !important;}.stk-2eba6da:hover{top:-10px !important;}.stk-2eba6da {top:0 !important;}@media screen and (max-width:999px){.stk-2eba6da-container{padding-top:50px !important;padding-right:30px !important;padding-bottom:50px !important;padding-left:30px !important;}}<\/style><div class=\"stk-column-wrapper stk-block-column__content stk-container stk-2eba6da-container stk-hover-parent\"><div class=\"stk-block-content stk-inner-blocks stk-2eba6da-inner-blocks\">\n<div class=\"wp-block-stackable-heading stk-block-heading stk-block-heading--v2 stk-block stk-a26467c\" id=\"jardim-guanabara\" data-block-id=\"a26467c\"><style>.stk-a26467c {margin-bottom:20px !important;}<\/style><h5 class=\"stk-block-heading__text has-text-align-center\">Jardim Guanabara<\/h5><\/div>\n\n\n\n<div class=\"wp-block-stackable-text stk-block-text stk-block stk-26f0af5\" data-block-id=\"26f0af5\"><style>.stk-26f0af5 {margin-bottom:45px !important;}<\/style><p class=\"stk-block-text__text has-text-align-center\">R. Piracicaba 459 Qd. 89 Lt. 13 Jardim Guanabara Goi\u00e2nia GO, 74675-640<\/p><\/div>\n\n\n\n<p class=\"has-text-align-center\">Ter\u00e7a-feira: 19:40 as 21:30<br>Sexta-Feira 19:40 as 21:30 <br><\/p>\n<\/div><\/div><\/div>\n\n\n\n<div class=\"wp-block-stackable-column stk-block-column stk-column stk-block stk-c7ef109\" data-v=\"4\" data-block-id=\"c7ef109\"><style>.stk-c7ef109-container{margin-top:0px !important;margin-right:0px !important;margin-bottom:0px !important;margin-left:0px !important;box-shadow:none !important;border-style:solid !important;border-color:var(--theme-palette-color-5, #edeff2) !important;padding-top:70px !important;padding-right:70px !important;padding-bottom:70px !important;padding-left:70px !important;}.stk-c7ef109-container:hover{background-color:var(--theme-palette-color-1, #ffcd05) !important;box-shadow:0px 20px 80px 0px #ffcd0566 !important;border-color:var(--theme-palette-color-1, #ffcd05) !important;}.stk-c7ef109-container:hover:before{background-color:var(--theme-palette-color-1, #ffcd05) !important;}.stk-c7ef109:hover{top:-10px !important;}.stk-c7ef109 {top:0 !important;}@media screen and (max-width:999px){.stk-c7ef109-container{padding-top:50px !important;padding-right:30px !important;padding-bottom:50px !important;padding-left:30px !important;}}<\/style><div class=\"stk-column-wrapper stk-block-column__content stk-container stk-c7ef109-container stk-hover-parent\"><div class=\"stk-block-content stk-inner-blocks stk-c7ef109-inner-blocks\">\n<div class=\"wp-block-stackable-heading stk-block-heading stk-block-heading--v2 stk-block stk-e38f2ad\" id=\"igreja-reino-e-vida-santo-hilario\" data-block-id=\"e38f2ad\"><style>.stk-e38f2ad {margin-bottom:20px !important;}<\/style><h5 class=\"stk-block-heading__text has-text-align-center\">Igreja Reino e Vida Santo Hil\u00e1rio<\/h5><\/div>\n\n\n\n<div class=\"wp-block-stackable-text stk-block-text stk-block stk-e59246b\" data-block-id=\"e59246b\"><style>.stk-e59246b {margin-bottom:0px !important;}<\/style><p class=\"stk-block-text__text has-text-align-center\">Av. Dom Serafim Gomes Jardim, 343 &#8211; Santo Hilario, Goi\u00e2nia &#8211; GO, 74780-190<br> <\/p><\/div>\n\n\n\n<p class=\"has-text-align-center\">Sexta-feira 20:00 as 21:30<br>S\u00e1bado 09:00 as 12:00<\/p>\n<\/div><\/div><\/div>\n<\/div><\/div>\n\n\n\n<div class=\"wp-block-stackable-spacer stk-block-spacer stk--no-padding stk-block stk-4332fa2\" data-block-id=\"4332fa2\"><style>.stk-4332fa2 {height:65px !important;}@media screen and (max-width:999px){.stk-4332fa2 {height:70px !important;}}<\/style><\/div>\n\n\n\n<p><\/p>\n","protected":false},"excerpt":{"rendered":"<p>Unidades Veja qual melhor lugar para voc\u00ea frequentar Novo Mundo Av. Cel Andrelino Morais 119 Vila Maria Luiza Goi\u00e2nia GO, 74720-200 Segunda feira: 19:40 as 21:30Quarta-Feira 19:40 as 21:30 S\u00e1bado: 10:00 as 12:00 Jardim Guanabara R. Piracicaba 459 Qd. 89 Lt. 13 Jardim Guanabara Goi\u00e2nia GO, 74675-640 Ter\u00e7a-feira: 19:40 as 21:30Sexta-Feira 19:40 as 21:30 Igreja [&hellip;]<\/p>\n","protected":false},"author":1,"featured_media":0,"parent":0,"menu_order":0,"comment_status":"closed","ping_status":"closed","template":"","meta":{"_joinchat":[],"footnotes":""},"class_list":["post-602","page","type-page","status-publish","hentry"],"blocksy_meta":{"styles_descriptor":{"styles":{"desktop":"","tablet":"","mobile":""},"google_fonts":[],"version":6},"page_title_panel":"","has_hero_section":"disabled","0fa4e1218e27d8aed3052443ada80200":"","hero_section":"type-1","hero_elements":[{"id":"custom_title","enabled":true,"heading_tag":"h1","title":"Home"},{"id":"custom_description","enabled":true,"description_visibility":{"desktop":true,"tablet":true,"mobile":false}},{"id":"custom_meta","enabled":false,"meta_elements":[{"id":"author","enabled":true,"label":"By","has_author_avatar":"yes","avatar_size":25},{"id":"post_date","enabled":true,"label":"On","date_format_source":"default","date_format":"M j, Y"},{"id":"updated_date","enabled":false,"label":"On","date_format_source":"default","date_format":"M j, Y"},{"id":"categories","enabled":false,"label":"In","style":"simple"},{"id":"comments","enabled":true}],"page_meta_elements":{"joined":true,"articles_count":true,"comments":true}},{"id":"breadcrumbs","enabled":false}],"51521a7c38c1c996c14247898d9d7fe3":"","hero_alignment1":"CT_CSS_SKIP_RULE","hero_margin":40,"hero_alignment2":"center","hero_vertical_alignment":"center","2bc015fafc2dc870d98702bdd932f751":"","hero_structure":"narrow","e25e8d2af42f9ebf88781ccc5b61ace6":"","page_title_bg_type":"featured_image","custom_hero_background":{"attachment_id":null},"page_title_image_size":"full","parallax":{"desktop":false,"tablet":false,"mobile":false},"fea6f59d367d128f8611865e0768a444":"","hero_height":"250px","pageTitleFont":{"family":"Default","variation":"Default","size":"30px","line-height":"CT_CSS_SKIP_RULE","letter-spacing":"CT_CSS_SKIP_RULE","text-transform":"CT_CSS_SKIP_RULE","text-decoration":"CT_CSS_SKIP_RULE"},"pageTitleFontColor":{"default":{"color":"CT_CSS_SKIP_RULEDEFAULT"}},"pageMetaFont":{"family":"Default","variation":"n6","size":"12px","line-height":"1.3","letter-spacing":"CT_CSS_SKIP_RULE","text-transform":"uppercase","text-decoration":"CT_CSS_SKIP_RULE"},"pageMetaFontColor":{"default":{"color":"CT_CSS_SKIP_RULEDEFAULT"},"hover":{"color":"CT_CSS_SKIP_RULEDEFAULT"}},"page_meta_button_type_font_colors":{"default":{"color":"CT_CSS_SKIP_RULEDEFAULT"},"hover":{"color":"CT_CSS_SKIP_RULEDEFAULT"}},"page_meta_button_type_background_colors":{"default":{"color":"CT_CSS_SKIP_RULEDEFAULT"},"hover":{"color":"CT_CSS_SKIP_RULEDEFAULT"}},"pageExcerptFont":{"family":"Default","variation":"Default","size":"CT_CSS_SKIP_RULE","line-height":"CT_CSS_SKIP_RULE","letter-spacing":"CT_CSS_SKIP_RULE","text-transform":"CT_CSS_SKIP_RULE","text-decoration":"CT_CSS_SKIP_RULE"},"pageExcerptColor":{"default":{"color":"CT_CSS_SKIP_RULEDEFAULT"}},"breadcrumbsFont":{"family":"Default","variation":"Default","size":"CT_CSS_SKIP_RULE","line-height":"CT_CSS_SKIP_RULE","letter-spacing":"CT_CSS_SKIP_RULE","text-transform":"CT_CSS_SKIP_RULE","text-decoration":"CT_CSS_SKIP_RULE"},"breadcrumbsFontColor":{"default":{"color":"CT_CSS_SKIP_RULEDEFAULT"},"initial":{"color":"CT_CSS_SKIP_RULEDEFAULT"},"hover":{"color":"CT_CSS_SKIP_RULEDEFAULT"}},"pageTitleOverlay":{"background_type":"color","background_pattern":"type-1","background_image":{"attachment_id":null,"x":0,"y":0},"gradient":"linear-gradient(135deg,rgba(6,147,227,1) 0%,rgb(155,81,224) 100%)","background_repeat":"repeat","background_size":"auto","background_attachment":"scroll","patternColor":{"default":{"color":"#e5e7ea"}},"overlayColor":{"default":{"color":"CT_CSS_SKIP_RULE"}},"backgroundColor":{"default":{"color":"CT_CSS_SKIP_RULE"}}},"pageTitleBackground":{"background_type":"color","background_pattern":"type-1","background_image":{"attachment_id":null,"x":0,"y":0},"gradient":"linear-gradient(135deg,rgba(6,147,227,1) 0%,rgb(155,81,224) 100%)","background_repeat":"repeat","background_size":"auto","background_attachment":"scroll","patternColor":{"default":{"color":"#e5e7ea"}},"overlayColor":{"default":{"color":"CT_CSS_SKIP_RULE"}},"backgroundColor":{"default":{"color":"var(--theme-palette-color-6)"}}},"pageTitlePadding":{"top":"50px","bottom":"50px","left":"auto","right":"auto","linked":true},"73f4114907b24beb8ed5f708747f2d9f":"","page_structure_type":"default","b626774914cf01377c8f1592e57d3895":"","content_style_source":"inherit","content_style":"wide","vertical_spacing_source":"custom","content_area_spacing":"none","background":{"background_type":"color","background_pattern":"type-1","background_image":{"attachment_id":null,"x":0,"y":0},"gradient":"linear-gradient(135deg,rgba(6,147,227,1) 0%,rgb(155,81,224) 100%)","background_repeat":"repeat","background_size":"auto","background_attachment":"scroll","patternColor":{"default":{"color":"#e5e7ea"}},"overlayColor":{"default":{"color":"CT_CSS_SKIP_RULE"}},"backgroundColor":{"default":{"color":"CT_CSS_SKIP_RULE"}}},"content_background":{"background_type":"color","background_pattern":"type-1","background_image":{"attachment_id":null,"x":0,"y":0},"gradient":"linear-gradient(135deg,rgba(6,147,227,1) 0%,rgb(155,81,224) 100%)","background_repeat":"repeat","background_size":"auto","background_attachment":"scroll","patternColor":{"default":{"color":"#e5e7ea"}},"overlayColor":{"default":{"color":"CT_CSS_SKIP_RULE"}},"backgroundColor":{"default":{"color":"var(--theme-palette-color-8)"}}},"content_boxed_shadow":{"inherit":false,"blur":18,"spread":-6,"v_offset":12,"h_offset":0,"inset":false,"enable":true,"color":{"color":"rgba(34, 56, 101, 0.04)"}},"boxed_content_spacing":{"desktop":{"top":"40px","bottom":"40px","left":"40px","right":"40px","linked":true},"tablet":{"top":"35px","bottom":"35px","left":"35px","right":"35px","linked":true},"mobile":{"top":"20px","bottom":"20px","left":"20px","right":"20px","linked":true}},"content_boxed_radius":{"top":"3px","bottom":"3px","left":"3px","right":"3px","linked":true},"8f26b7b44db953546fa2eb5d5286d9e0":"","disable_featured_image":"no","disable_share_box":"no","disable_header":"no","disable_footer":"no"},"_links":{"self":[{"href":"https:\/\/www.equipeaejj.com.br\/index.php?rest_route=\/wp\/v2\/pages\/602","targetHints":{"allow":["GET"]}}],"collection":[{"href":"https:\/\/www.equipeaejj.com.br\/index.php?rest_route=\/wp\/v2\/pages"}],"about":[{"href":"https:\/\/www.equipeaejj.com.br\/index.php?rest_route=\/wp\/v2\/types\/page"}],"author":[{"embeddable":true,"href":"https:\/\/www.equipeaejj.com.br\/index.php?rest_route=\/wp\/v2\/users\/1"}],"replies":[{"embeddable":true,"href":"https:\/\/www.equipeaejj.com.br\/index.php?rest_route=%2Fwp%2Fv2%2Fcomments&post=602"}],"version-history":[{"count":10,"href":"https:\/\/www.equipeaejj.com.br\/index.php?rest_route=\/wp\/v2\/pages\/602\/revisions"}],"predecessor-version":[{"id":683,"href":"https:\/\/www.equipeaejj.com.br\/index.php?rest_route=\/wp\/v2\/pages\/602\/revisions\/683"}],"wp:attachment":[{"href":"https:\/\/www.equipeaejj.com.br\/index.php?rest_route=%2Fwp%2Fv2%2Fmedia&parent=602"}],"curies":[{"name":"wp","href":"https:\/\/api.w.org\/{rel}","templated":true}]}}